{"id":97,"date":"2025-01-08T22:41:50","date_gmt":"2025-01-08T22:41:50","guid":{"rendered":"https:\/\/tunisia-dental-tourism.com\/?page_id=97"},"modified":"2025-01-09T08:54:17","modified_gmt":"2025-01-09T08:54:17","slug":"couronne-dentaire","status":"publish","type":"page","link":"https:\/\/tunisia-dental-tourism.com\/?page_id=97","title":{"rendered":"Couronne dentaire"},"content":{"rendered":"<div id=\"pl-97\"  class=\"panel-layout\" ><div id=\"pg-97-0\"  class=\"panel-grid panel-has-style\" ><div class=\"divider-no-animation tablet-default mobile-default desktop-default custom panel-row-style panel-row-style-for-97-0\" ><div id=\"pgc-97-0-0\"  class=\"panel-grid-cell panel-grid-cell-mobile-last\" ><div id=\"panel-97-0-0-0\" class=\"so-panel widget widget_text panel-first-child panel-last-child\" data-index=\"0\" ><div class=\"orion custom default panel-widget-style panel-widget-style-for-97-0-0-0\" >\t\t\t<div class=\"textwidget\"><div id=\"pgc-191-0-0\" class=\"panel-grid-cell panel-grid-cell-mobile-last\">\n<div id=\"panel-191-0-0-0\" class=\"so-panel widget widget_orion_heading_w panel-first-child\" data-index=\"0\">\n<div class=\"orion custom default panel-widget-style panel-widget-style-for-191-0-0-0\">\n<div class=\"so-widget-orion_heading_w so-widget-orion_heading_w-base\">\n<div class=\"row orion-heading\">\n<div class=\"col-md-12   text-left style-h4 style-primary-color\">\n<h4 class=\"primary-color\">Qu&rsquo;est-ce qu&rsquo;une Couronne Dentaire ?<\/h4>\n<\/div>\n<\/div>\n<\/div>\n<\/div>\n<\/div>\n<div id=\"panel-191-0-0-1\" class=\"so-panel widget widget_sow-editor\" data-index=\"1\">\n<div class=\"orion custom default panel-widget-style panel-widget-style-for-191-0-0-1\">\n<div class=\"so-widget-sow-editor so-widget-sow-editor-base\">\n<div class=\"siteorigin-widget-tinymce textwidget\">\n<p>Une couronne dentaire est une proth\u00e8se fixe qui recouvre enti\u00e8rement une dent endommag\u00e9e ou d\u00e9grad\u00e9e. Elle a pour but de restaurer la forme, la taille, la force et l&rsquo;apparence de la dent naturelle. Les couronnes sont souvent utilis\u00e9es pour prot\u00e9ger une dent qui a subi un traitement de canal, pour soutenir une dent affaiblie ou pour recouvrir une dent implant\u00e9e.<\/p>\n<\/div>\n<\/div>\n<\/div>\n<\/div>\n<div id=\"panel-191-0-0-2\" class=\"so-panel widget widget_orion_heading_w\" data-index=\"2\">\n<div class=\"orion custom default panel-widget-style panel-widget-style-for-191-0-0-2\">\n<div class=\"so-widget-orion_heading_w so-widget-orion_heading_w-base\">\n<div class=\"row orion-heading\">\n<div class=\"col-md-12   text-left style-h4 style-primary-color\">\n<h4 class=\"primary-color\">Mat\u00e9riaux Utilis\u00e9s<\/h4>\n<\/div>\n<\/div>\n<\/div>\n<\/div>\n<\/div>\n<div id=\"panel-191-0-0-3\" class=\"so-panel widget widget_sow-editor\" data-index=\"3\">\n<div class=\"orion custom default panel-widget-style panel-widget-style-for-191-0-0-3\">\n<div class=\"so-widget-sow-editor so-widget-sow-editor-base\">\n<div class=\"siteorigin-widget-tinymce textwidget\">\n<p>Les couronnes peuvent \u00eatre fabriqu\u00e9es \u00e0 partir de divers mat\u00e9riaux, chacun ayant ses propres avantages :<\/p>\n<ol>\n<li><strong>C\u00e9ramique ou Porcelaine<\/strong> : Offrent une esth\u00e9tique naturelle et sont souvent utilis\u00e9es pour les dents visibles.<\/li>\n<li><strong>M\u00e9tal (Acier inoxydable, Or, Alliages)<\/strong> : Tr\u00e8s r\u00e9sistantes, ces couronnes sont id\u00e9ales pour les dents post\u00e9rieures o\u00f9 la force de mastication est plus importante.<\/li>\n<li><strong>R\u00e9sine Composites<\/strong> : Utilis\u00e9es pour des restaurations temporaires ou dans des cas sp\u00e9cifiques o\u00f9 l&rsquo;esth\u00e9tique est prioritaire.<\/li>\n<\/ol>\n<\/div>\n<\/div>\n<\/div>\n<\/div>\n<div id=\"panel-191-0-0-4\" class=\"so-panel widget widget_orion_heading_w\" data-index=\"4\">\n<div class=\"orion custom default panel-widget-style panel-widget-style-for-191-0-0-4\">\n<div class=\"so-widget-orion_heading_w so-widget-orion_heading_w-base\">\n<div class=\"row orion-heading\">\n<div class=\"col-md-12   text-left style-h4 style-primary-color\">\n<h4 class=\"primary-color\">Indications<\/h4>\n<\/div>\n<\/div>\n<\/div>\n<\/div>\n<\/div>\n<div id=\"panel-191-0-0-5\" class=\"so-panel widget widget_sow-editor\" data-index=\"5\">\n<div class=\"orion custom default panel-widget-style panel-widget-style-for-191-0-0-5\">\n<div class=\"so-widget-sow-editor so-widget-sow-editor-base\">\n<div class=\"siteorigin-widget-tinymce textwidget\">\n<p>Les couronnes dentaires sont recommand\u00e9es dans plusieurs situations :<\/p>\n<ul>\n<li><strong>Dents Cari\u00e9es<\/strong> : Lorsque la carie est trop \u00e9tendue pour \u00eatre trait\u00e9e par un simple plombage.<\/li>\n<li><strong>Traitement de Canal<\/strong> : Pour prot\u00e9ger une dent qui a subi un traitement de canal.<\/li>\n<li><strong>Dents Fractur\u00e9es ou \u00c9br\u00e9ch\u00e9es<\/strong> : Pour restaurer l&rsquo;int\u00e9grit\u00e9 d&rsquo;une dent endommag\u00e9e.<\/li>\n<li><strong>Dents Malform\u00e9es<\/strong> : Pour am\u00e9liorer l&rsquo;apparence d&rsquo;une dent mal positionn\u00e9e ou d\u00e9color\u00e9e.<\/li>\n<li><strong>Support pour Bridges<\/strong> : Utilis\u00e9es pour maintenir un bridge dentaire.<\/li>\n<\/ul>\n<\/div>\n<\/div>\n<\/div>\n<\/div>\n<div id=\"panel-191-0-0-6\" class=\"so-panel widget widget_orion_heading_w\" data-index=\"6\">\n<div class=\"orion custom default panel-widget-style panel-widget-style-for-191-0-0-6\">\n<div class=\"so-widget-orion_heading_w so-widget-orion_heading_w-base\">\n<div class=\"row orion-heading\">\n<div class=\"col-md-12   text-left style-h4 style-primary-color\">\n<h4 class=\"primary-color\">Proc\u00e9dure de Pose d&rsquo;une Couronne<\/h4>\n<\/div>\n<\/div>\n<\/div>\n<\/div>\n<\/div>\n<div id=\"panel-191-0-0-7\" class=\"so-panel widget widget_sow-editor\" data-index=\"7\">\n<div class=\"orion custom default panel-widget-style panel-widget-style-for-191-0-0-7\">\n<div class=\"so-widget-sow-editor so-widget-sow-editor-base\">\n<div class=\"siteorigin-widget-tinymce textwidget\">\n<ul>\n<li><strong>Consultation Initiale<\/strong> : \u00c9valuation de la dent et des radiographies pour d\u00e9terminer la n\u00e9cessit\u00e9 d&rsquo;une couronne.<\/li>\n<li><strong>Pr\u00e9paration de la Dent<\/strong> : La dent est fa\u00e7onn\u00e9e pour accueillir la couronne, et une empreinte est prise.<\/li>\n<li><strong>Couronne Temporaire<\/strong> : Une couronne temporaire peut \u00eatre pos\u00e9e pendant que la couronne permanente est fabriqu\u00e9e en laboratoire.<\/li>\n<li><strong>Pose de la Couronne<\/strong> : Une fois pr\u00eate, la couronne permanente est fix\u00e9e \u00e0 la dent avec un ciment dentaire.<\/li>\n<\/ul>\n<\/div>\n<\/div>\n<\/div>\n<\/div>\n<div id=\"panel-191-0-0-8\" class=\"so-panel widget widget_orion_heading_w\" data-index=\"8\">\n<div class=\"orion custom default panel-widget-style panel-widget-style-for-191-0-0-8\">\n<div class=\"so-widget-orion_heading_w so-widget-orion_heading_w-base\">\n<div class=\"row orion-heading\">\n<div class=\"col-md-12   text-left style-h4 style-primary-color\">\n<h4 class=\"primary-color\">Conclusion<\/h4>\n<\/div>\n<\/div>\n<\/div>\n<\/div>\n<\/div>\n<div id=\"panel-191-0-0-9\" class=\"so-panel widget widget_sow-editor panel-last-child\" data-index=\"9\">\n<div class=\"orion custom default panel-widget-style panel-widget-style-for-191-0-0-9\">\n<div class=\"so-widget-sow-editor so-widget-sow-editor-base\">\n<div class=\"siteorigin-widget-tinymce textwidget\">\n<p>Les couronnes dentaires sont des solutions efficaces et durables pour restaurer des dents endommag\u00e9es. Avec une bonne hygi\u00e8ne bucco-dentaire et un suivi r\u00e9gulier, elles peuvent durer de nombreuses ann\u00e9es et contribuer \u00e0 la sant\u00e9 dentaire et \u00e0 l&rsquo;esth\u00e9tique du sourire.<\/p>\n<\/div>\n<\/div>\n<\/div>\n<\/div>\n<\/div>\n<\/div>\n\t\t<\/div><\/div><\/div><div id=\"pgc-97-0-1\"  class=\"panel-grid-cell panel-grid-cell-empty\" ><\/div><\/div><\/div><\/div>","protected":false},"excerpt":{"rendered":"<p>Qu&rsquo;est-ce qu&rsquo;une Couronne Dentaire ? Une couronne dentaire est une proth\u00e8se fixe qui recouvre enti\u00e8rement une dent endommag\u00e9e ou d\u00e9grad\u00e9e. Elle a pour but de restaurer la forme, la taille, la force et l&rsquo;apparence de la dent naturelle. Les couronnes sont souvent utilis\u00e9es pour prot\u00e9ger une dent qui a subi un traitement de canal, pour<\/p>\n","protected":false},"author":1,"featured_media":0,"parent":0,"menu_order":0,"comment_status":"closed","ping_status":"closed","template":"","meta":{"footnotes":""},"class_list":["post-97","page","type-page","status-publish","hentry"],"_links":{"self":[{"href":"https:\/\/tunisia-dental-tourism.com\/index.php?rest_route=\/wp\/v2\/pages\/97","targetHints":{"allow":["GET"]}}],"collection":[{"href":"https:\/\/tunisia-dental-tourism.com\/index.php?rest_route=\/wp\/v2\/pages"}],"about":[{"href":"https:\/\/tunisia-dental-tourism.com\/index.php?rest_route=\/wp\/v2\/types\/page"}],"author":[{"embeddable":true,"href":"https:\/\/tunisia-dental-tourism.com\/index.php?rest_route=\/wp\/v2\/users\/1"}],"replies":[{"embeddable":true,"href":"https:\/\/tunisia-dental-tourism.com\/index.php?rest_route=%2Fwp%2Fv2%2Fcomments&post=97"}],"version-history":[{"count":2,"href":"https:\/\/tunisia-dental-tourism.com\/index.php?rest_route=\/wp\/v2\/pages\/97\/revisions"}],"predecessor-version":[{"id":105,"href":"https:\/\/tunisia-dental-tourism.com\/index.php?rest_route=\/wp\/v2\/pages\/97\/revisions\/105"}],"wp:attachment":[{"href":"https:\/\/tunisia-dental-tourism.com\/index.php?rest_route=%2Fwp%2Fv2%2Fmedia&parent=97"}],"curies":[{"name":"wp","href":"https:\/\/api.w.org\/{rel}","templated":true}]}}