{"id":94,"date":"2025-01-08T22:40:53","date_gmt":"2025-01-08T22:40:53","guid":{"rendered":"https:\/\/tunisia-dental-tourism.com\/?page_id=94"},"modified":"2025-01-09T08:56:33","modified_gmt":"2025-01-09T08:56:33","slug":"facette-dentaire","status":"publish","type":"page","link":"https:\/\/tunisia-dental-tourism.com\/?page_id=94","title":{"rendered":"Facettes dentaire"},"content":{"rendered":"<div id=\"pl-94\"  class=\"panel-layout\" ><div id=\"pg-94-0\"  class=\"panel-grid panel-has-style\" ><div class=\"divider-no-animation panel-row-style panel-row-style-for-94-0\" ><div id=\"pgc-94-0-0\"  class=\"panel-grid-cell\" ><div id=\"panel-94-0-0-0\" class=\"so-panel widget widget_text panel-first-child panel-last-child\" data-index=\"0\" ><div class=\"orion custom default panel-widget-style panel-widget-style-for-94-0-0-0\" >\t\t\t<div class=\"textwidget\"><div id=\"pgc-247-0-0\" class=\"panel-grid-cell panel-grid-cell-mobile-last\">\n<div id=\"panel-247-0-0-0\" class=\"so-panel widget widget_orion_heading_w panel-first-child\" data-index=\"0\">\n<div class=\"orion custom default panel-widget-style panel-widget-style-for-247-0-0-0\">\n<div class=\"so-widget-orion_heading_w so-widget-orion_heading_w-base\">\n<div class=\"row orion-heading\">\n<div class=\"col-md-12   text-left style-h4 style-primary-color\">\n<h4 class=\"primary-color\">Qu&rsquo;est-ce qu&rsquo;une Facette Dentaire ?<\/h4>\n<\/div>\n<\/div>\n<\/div>\n<\/div>\n<\/div>\n<div id=\"panel-247-0-0-1\" class=\"so-panel widget widget_sow-editor\" data-index=\"1\">\n<div class=\"orion custom default panel-widget-style panel-widget-style-for-247-0-0-1\">\n<div class=\"so-widget-sow-editor so-widget-sow-editor-base\">\n<div class=\"siteorigin-widget-tinymce textwidget\">\n<p>Une facette dentaire est une fine coquille, g\u00e9n\u00e9ralement en c\u00e9ramique ou en r\u00e9sine composite, qui est coll\u00e9e sur la surface visible des dents. Elle est utilis\u00e9e pour am\u00e9liorer l&rsquo;esth\u00e9tique du sourire en corrigeant divers probl\u00e8mes dentaires tels que la d\u00e9coloration, les irr\u00e9gularit\u00e9s de forme, les espaces entre les dents ou les dents us\u00e9es.<\/p>\n<\/div>\n<\/div>\n<\/div>\n<\/div>\n<div id=\"panel-247-0-0-2\" class=\"so-panel widget widget_orion_heading_w\" data-index=\"2\">\n<div class=\"orion custom default panel-widget-style panel-widget-style-for-247-0-0-2\">\n<div class=\"so-widget-orion_heading_w so-widget-orion_heading_w-base\">\n<div class=\"row orion-heading\">\n<div class=\"col-md-12   text-left style-h4 style-primary-color\">\n<h4 class=\"primary-color\">Indications pour les Facettes Dentaires<\/h4>\n<\/div>\n<\/div>\n<\/div>\n<\/div>\n<\/div>\n<div id=\"panel-247-0-0-3\" class=\"so-panel widget widget_sow-editor\" data-index=\"3\">\n<div class=\"orion custom default panel-widget-style panel-widget-style-for-247-0-0-3\">\n<div class=\"so-widget-sow-editor so-widget-sow-editor-base\">\n<div class=\"siteorigin-widget-tinymce textwidget\">\n<p>Les facettes dentaires peuvent \u00eatre recommand\u00e9es dans plusieurs situations :<\/p>\n<ul>\n<li><strong>Dents D\u00e9color\u00e9es<\/strong> : Pour masquer les taches ou la d\u00e9coloration qui ne r\u00e9pondent pas au blanchiment.<\/li>\n<li><strong>Dents \u00c9br\u00e9ch\u00e9es ou Us\u00e9es<\/strong> : Pour restaurer la forme et la taille des dents.<\/li>\n<li><strong>Dents Mal Align\u00e9es<\/strong> : Pour cr\u00e9er une apparence plus droite sans n\u00e9cessiter d&rsquo;orthodontie.<\/li>\n<li><strong>Espaces Interdentaires<\/strong> : Pour r\u00e9duire les espaces entre les dents.<\/li>\n<\/ul>\n<\/div>\n<\/div>\n<\/div>\n<\/div>\n<div id=\"panel-247-0-0-4\" class=\"so-panel widget widget_orion_heading_w\" data-index=\"4\">\n<div class=\"orion custom default panel-widget-style panel-widget-style-for-247-0-0-4\">\n<div class=\"so-widget-orion_heading_w so-widget-orion_heading_w-base\">\n<div class=\"row orion-heading\">\n<div class=\"col-md-12   text-left style-h4 style-primary-color\">\n<h4 class=\"primary-color\">Types de Facettes<\/h4>\n<\/div>\n<\/div>\n<\/div>\n<\/div>\n<\/div>\n<div id=\"panel-247-0-0-5\" class=\"so-panel widget widget_sow-editor\" data-index=\"5\">\n<div class=\"orion custom default panel-widget-style panel-widget-style-for-247-0-0-5\">\n<div class=\"so-widget-sow-editor so-widget-sow-editor-base\">\n<div class=\"siteorigin-widget-tinymce textwidget\">\n<ul>\n<li><strong>Facettes en C\u00e9ramique<\/strong> : Fabriqu\u00e9es sur mesure dans un laboratoire dentaire, elles offrent une excellente esth\u00e9tique et durabilit\u00e9. Elles sont souvent pr\u00e9f\u00e9r\u00e9es pour leur r\u00e9sistance aux taches et leur apparence naturelle.<\/li>\n<li><strong>Facettes en R\u00e9sine Composite<\/strong> : Plus abordables et r\u00e9alis\u00e9es directement en cabinet, elles peuvent n\u00e9cessiter plus d&rsquo;entretien au fil du temps, mais offrent une solution rapide.<\/li>\n<\/ul>\n<\/div>\n<\/div>\n<\/div>\n<\/div>\n<div id=\"panel-247-0-0-6\" class=\"so-panel widget widget_orion_heading_w\" data-index=\"6\">\n<div class=\"orion custom default panel-widget-style panel-widget-style-for-247-0-0-6\">\n<div class=\"so-widget-orion_heading_w so-widget-orion_heading_w-base\">\n<div class=\"row orion-heading\">\n<div class=\"col-md-12   text-left style-h4 style-primary-color\">\n<h4 class=\"primary-color\">Proc\u00e9dure de Pose des Facettes Dentaires<\/h4>\n<\/div>\n<\/div>\n<\/div>\n<\/div>\n<\/div>\n<div id=\"panel-247-0-0-7\" class=\"so-panel widget widget_sow-editor\" data-index=\"7\">\n<div class=\"orion custom default panel-widget-style panel-widget-style-for-247-0-0-7\">\n<div class=\"so-widget-sow-editor so-widget-sow-editor-base\">\n<div class=\"siteorigin-widget-tinymce textwidget\">\n<ol>\n<li><strong>Consultation Initiale<\/strong> : \u00c9valuation de l&rsquo;\u00e9tat bucco-dentaire et discussion des objectifs esth\u00e9tiques du patient.<\/li>\n<li><strong>Pr\u00e9paration de la Dent<\/strong> : Une l\u00e9g\u00e8re abrasion de la surface de la dent peut \u00eatre n\u00e9cessaire pour accueillir la facette.<\/li>\n<li><strong>Prise d&rsquo;Empreinte<\/strong> : Des empreintes sont prises pour cr\u00e9er des facettes sur mesure.<\/li>\n<li><strong>Essai<\/strong> : Une fois les facettes fabriqu\u00e9es, un essai est effectu\u00e9 pour v\u00e9rifier l&rsquo;ajustement et la couleur.<\/li>\n<li><strong>Pose Finale<\/strong> : Les facettes sont coll\u00e9es sur les dents avec un ciment dentaire, et une lumi\u00e8re sp\u00e9ciale est souvent utilis\u00e9e pour renforcer la liaison.<\/li>\n<\/ol>\n<\/div>\n<\/div>\n<\/div>\n<\/div>\n<div id=\"panel-247-0-0-8\" class=\"so-panel widget widget_orion_heading_w\" data-index=\"8\">\n<div class=\"orion custom default panel-widget-style panel-widget-style-for-247-0-0-8\">\n<div class=\"so-widget-orion_heading_w so-widget-orion_heading_w-base\">\n<div class=\"row orion-heading\">\n<div class=\"col-md-12   text-left style-h4 style-primary-color\">\n<h4 class=\"primary-color\">Avantages des Facettes Dentaires<\/h4>\n<\/div>\n<\/div>\n<\/div>\n<\/div>\n<\/div>\n<div id=\"panel-247-0-0-9\" class=\"so-panel widget widget_sow-editor\" data-index=\"9\">\n<div class=\"orion custom default panel-widget-style panel-widget-style-for-247-0-0-9\">\n<div class=\"so-widget-sow-editor so-widget-sow-editor-base\">\n<div class=\"siteorigin-widget-tinymce textwidget\">\n<ul>\n<li><strong>Esth\u00e9tique<\/strong> : Am\u00e9liore consid\u00e9rablement l&rsquo;apparence des dents.<\/li>\n<li><strong>Durabilit\u00e9<\/strong> : Les facettes en c\u00e9ramique peuvent durer de 10 \u00e0 15 ans avec des soins appropri\u00e9s.<\/li>\n<li><strong>Conservation de la Dent<\/strong> : Moins invasive que d&rsquo;autres options de restauration, pr\u00e9servant la structure dentaire naturelle.<\/li>\n<\/ul>\n<\/div>\n<\/div>\n<\/div>\n<\/div>\n<div id=\"panel-247-0-0-10\" class=\"so-panel widget widget_orion_heading_w\" data-index=\"10\">\n<div class=\"orion custom default panel-widget-style panel-widget-style-for-247-0-0-10\">\n<div class=\"so-widget-orion_heading_w so-widget-orion_heading_w-base\">\n<div class=\"row orion-heading\">\n<div class=\"col-md-12   text-left style-h4 style-primary-color\">\n<h4 class=\"primary-color\">Conclusion<\/h4>\n<\/div>\n<\/div>\n<\/div>\n<\/div>\n<\/div>\n<div id=\"panel-247-0-0-11\" class=\"so-panel widget widget_sow-editor panel-last-child\" data-index=\"11\">\n<div class=\"orion custom default panel-widget-style panel-widget-style-for-247-0-0-11\">\n<div class=\"so-widget-sow-editor so-widget-sow-editor-base\">\n<div class=\"siteorigin-widget-tinymce textwidget\">\n<p>Les facettes dentaires sont une excellente option pour ceux qui souhaitent am\u00e9liorer l&rsquo;esth\u00e9tique de leur sourire de mani\u00e8re non invasive. Avec une bonne hygi\u00e8ne bucco-dentaire et des suivis r\u00e9guliers, elles peuvent offrir des r\u00e9sultats durables et naturels.<\/p>\n<\/div>\n<\/div>\n<\/div>\n<\/div>\n<\/div>\n<\/div>\n\t\t<\/div><\/div><\/div><\/div><\/div><\/div>","protected":false},"excerpt":{"rendered":"<p>Qu&rsquo;est-ce qu&rsquo;une Facette Dentaire ? Une facette dentaire est une fine coquille, g\u00e9n\u00e9ralement en c\u00e9ramique ou en r\u00e9sine composite, qui est coll\u00e9e sur la surface visible des dents. Elle est utilis\u00e9e pour am\u00e9liorer l&rsquo;esth\u00e9tique du sourire en corrigeant divers probl\u00e8mes dentaires tels que la d\u00e9coloration, les irr\u00e9gularit\u00e9s de forme, les espaces entre les dents ou<\/p>\n","protected":false},"author":1,"featured_media":0,"parent":0,"menu_order":0,"comment_status":"closed","ping_status":"closed","template":"","meta":{"footnotes":""},"class_list":["post-94","page","type-page","status-publish","hentry"],"_links":{"self":[{"href":"https:\/\/tunisia-dental-tourism.com\/index.php?rest_route=\/wp\/v2\/pages\/94","targetHints":{"allow":["GET"]}}],"collection":[{"href":"https:\/\/tunisia-dental-tourism.com\/index.php?rest_route=\/wp\/v2\/pages"}],"about":[{"href":"https:\/\/tunisia-dental-tourism.com\/index.php?rest_route=\/wp\/v2\/types\/page"}],"author":[{"embeddable":true,"href":"https:\/\/tunisia-dental-tourism.com\/index.php?rest_route=\/wp\/v2\/users\/1"}],"replies":[{"embeddable":true,"href":"https:\/\/tunisia-dental-tourism.com\/index.php?rest_route=%2Fwp%2Fv2%2Fcomments&post=94"}],"version-history":[{"count":3,"href":"https:\/\/tunisia-dental-tourism.com\/index.php?rest_route=\/wp\/v2\/pages\/94\/revisions"}],"predecessor-version":[{"id":118,"href":"https:\/\/tunisia-dental-tourism.com\/index.php?rest_route=\/wp\/v2\/pages\/94\/revisions\/118"}],"wp:attachment":[{"href":"https:\/\/tunisia-dental-tourism.com\/index.php?rest_route=%2Fwp%2Fv2%2Fmedia&parent=94"}],"curies":[{"name":"wp","href":"https:\/\/api.w.org\/{rel}","templated":true}]}}