{"id":24,"date":"2024-12-03T18:37:11","date_gmt":"2024-12-03T18:37:11","guid":{"rendered":"https:\/\/tunisia-dental-tourism.com\/?page_id=24"},"modified":"2025-01-09T00:29:28","modified_gmt":"2025-01-09T00:29:28","slug":"implant-dentaire","status":"publish","type":"page","link":"https:\/\/tunisia-dental-tourism.com\/?page_id=24","title":{"rendered":"Implant dentaire"},"content":{"rendered":"<div id=\"pl-24\"  class=\"panel-layout\" ><div id=\"pg-24-0\"  class=\"panel-grid panel-has-style\" ><div class=\"divider-no-animation tablet-default mobile-default desktop-default custom panel-row-style panel-row-style-for-24-0\" ><div id=\"pgc-24-0-0\"  class=\"panel-grid-cell panel-grid-cell-mobile-last\" ><div id=\"panel-24-0-0-0\" class=\"so-panel widget widget_text panel-first-child panel-last-child\" data-index=\"0\" ><div class=\"orion custom default panel-widget-style panel-widget-style-for-24-0-0-0\" >\t\t\t<div class=\"textwidget\"><div id=\"pgc-57-0-0\" class=\"panel-grid-cell panel-grid-cell-mobile-last\">\n<div id=\"panel-57-0-0-0\" class=\"so-panel widget widget_sow-editor panel-first-child\" data-index=\"0\">\n<div class=\"orion custom default panel-widget-style panel-widget-style-for-57-0-0-0\">\n<div class=\"so-widget-sow-editor so-widget-sow-editor-base\">\n<div class=\"siteorigin-widget-tinymce textwidget\">\n<p>L&rsquo;implantologie dentaire est une sp\u00e9cialit\u00e9 de la dentisterie qui concerne la restauration des dents manquantes \u00e0 l&rsquo;aide d&rsquo;implants. Ces implants sont des dispositifs en titane ou en zirconium, ins\u00e9r\u00e9s dans l&rsquo;os de la m\u00e2choire pour servir de racines dentaires artificielles. Cette technique permet de retrouver une fonction masticatoire optimale, ainsi qu&rsquo;une esth\u00e9tique dentaire satisfaisante.<\/p>\n<\/div>\n<\/div>\n<\/div>\n<\/div>\n<div id=\"panel-57-0-0-1\" class=\"so-panel widget widget_orion_heading_w\" data-index=\"1\">\n<div class=\"orion custom default panel-widget-style panel-widget-style-for-57-0-0-1\">\n<div class=\"so-widget-orion_heading_w so-widget-orion_heading_w-base\">\n<div class=\"row orion-heading\">\n<div class=\"col-md-12   text-left style-h4 style-primary-color\">\n<h4 class=\"primary-color\">Types d&rsquo;implants dentaires<\/h4>\n<\/div>\n<\/div>\n<\/div>\n<\/div>\n<\/div>\n<div id=\"panel-57-0-0-2\" class=\"so-panel widget widget_sow-editor\" data-index=\"2\">\n<div class=\"orion custom default panel-widget-style panel-widget-style-for-57-0-0-2\">\n<div class=\"so-widget-sow-editor so-widget-sow-editor-base\">\n<div class=\"siteorigin-widget-tinymce textwidget\">\n<ul>\n<li><strong>Implants endost\u00e9aux<\/strong> : Ce sont les implants les plus couramment utilis\u00e9s. Ils sont plac\u00e9s directement dans l&rsquo;os de la m\u00e2choire.<\/li>\n<li><strong>Implants sous-p\u00e9riost\u00e9s<\/strong> : Utilis\u00e9s lorsque la hauteur de l&rsquo;os est insuffisante, ces implants sont plac\u00e9s sous le p\u00e9rioste, la membrane qui recouvre l&rsquo;os.<\/li>\n<li><strong>Implants zygomatiques<\/strong> : Utilis\u00e9s dans des cas de perte osseuse s\u00e9v\u00e8re, ils sont ancr\u00e9s dans l&rsquo;os zygomatique (la pommette).<\/li>\n<\/ul>\n<\/div>\n<\/div>\n<\/div>\n<\/div>\n<div id=\"panel-57-0-0-3\" class=\"so-panel widget widget_orion_heading_w\" data-index=\"3\">\n<div class=\"orion custom default panel-widget-style panel-widget-style-for-57-0-0-3\">\n<div class=\"so-widget-orion_heading_w so-widget-orion_heading_w-base\">\n<div class=\"row orion-heading\">\n<div class=\"col-md-12   text-left style-h4 style-primary-color\">\n<h4 class=\"primary-color\">Proc\u00e9dure d&rsquo;implantation<\/h4>\n<\/div>\n<\/div>\n<\/div>\n<\/div>\n<\/div>\n<div id=\"panel-57-0-0-4\" class=\"so-panel widget widget_sow-editor\" data-index=\"4\">\n<div class=\"orion custom default panel-widget-style panel-widget-style-for-57-0-0-4\">\n<div class=\"so-widget-sow-editor so-widget-sow-editor-base\">\n<div class=\"siteorigin-widget-tinymce textwidget\">\n<ol>\n<li><strong>\u00c9valuation initiale<\/strong> : Consultation pour \u00e9valuer l&rsquo;\u00e9tat de sant\u00e9 bucco-dentaire et effectuer des examens radiologiques.<\/li>\n<li><strong>Planification<\/strong> : \u00c9laboration d&rsquo;un plan de traitement sur mesure.<\/li>\n<li><strong>Chirurgie d&rsquo;implantation<\/strong> : Sous anesth\u00e9sie locale, l&rsquo;implant est ins\u00e9r\u00e9 dans l&rsquo;os de la m\u00e2choire. Cette \u00e9tape peut n\u00e9cessiter une greffe osseuse pr\u00e9alable.<\/li>\n<li><strong>Phase de cicatrisation<\/strong> : Dur\u00e9e de 3 \u00e0 6 mois pendant laquelle l&rsquo;implant s&rsquo;ost\u00e9oint\u00e9gre.<\/li>\n<li><strong>Pose de la proth\u00e8se<\/strong> : Une fois la cicatrisation termin\u00e9e, une couronne, un bridge ou une proth\u00e8se compl\u00e8te est fix\u00e9e sur l&rsquo;implant.<\/li>\n<\/ol>\n<\/div>\n<\/div>\n<\/div>\n<\/div>\n<div id=\"panel-57-0-0-5\" class=\"so-panel widget widget_orion_heading_w\" data-index=\"5\">\n<div class=\"orion custom default panel-widget-style panel-widget-style-for-57-0-0-5\">\n<div class=\"so-widget-orion_heading_w so-widget-orion_heading_w-base\">\n<div class=\"row orion-heading\">\n<div class=\"col-md-12   text-left style-h4 style-primary-color\">\n<h4 class=\"primary-color\">Conclusion<\/h4>\n<\/div>\n<\/div>\n<\/div>\n<\/div>\n<\/div>\n<div id=\"panel-57-0-0-6\" class=\"so-panel widget widget_sow-editor panel-last-child\" data-index=\"6\">\n<div class=\"orion custom default panel-widget-style panel-widget-style-for-57-0-0-6\">\n<div class=\"so-widget-sow-editor so-widget-sow-editor-base\">\n<div class=\"siteorigin-widget-tinymce textwidget\">\n<p>L&rsquo;implantologie dentaire repr\u00e9sente une solution efficace et durable pour la restauration des dents manquantes. Avec des avanc\u00e9es technologiques et des protocoles am\u00e9lior\u00e9s, cette sp\u00e9cialit\u00e9 continue de transformer la vie de nombreux patients, leur redonnant confiance et qualit\u00e9 de vie.<\/p>\n<\/div>\n<\/div>\n<\/div>\n<\/div>\n<\/div>\n<\/div>\n\t\t<\/div><\/div><\/div><div id=\"pgc-24-0-1\"  class=\"panel-grid-cell panel-grid-cell-empty\" ><\/div><\/div><\/div><\/div>","protected":false},"excerpt":{"rendered":"<p>L&rsquo;implantologie dentaire est une sp\u00e9cialit\u00e9 de la dentisterie qui concerne la restauration des dents manquantes \u00e0 l&rsquo;aide d&rsquo;implants. Ces implants sont des dispositifs en titane ou en zirconium, ins\u00e9r\u00e9s dans l&rsquo;os de la m\u00e2choire pour servir de racines dentaires artificielles. Cette technique permet de retrouver une fonction masticatoire optimale, ainsi qu&rsquo;une esth\u00e9tique dentaire satisfaisante. Types<\/p>\n","protected":false},"author":1,"featured_media":0,"parent":0,"menu_order":0,"comment_status":"closed","ping_status":"closed","template":"","meta":{"footnotes":""},"class_list":["post-24","page","type-page","status-publish","hentry"],"_links":{"self":[{"href":"https:\/\/tunisia-dental-tourism.com\/index.php?rest_route=\/wp\/v2\/pages\/24","targetHints":{"allow":["GET"]}}],"collection":[{"href":"https:\/\/tunisia-dental-tourism.com\/index.php?rest_route=\/wp\/v2\/pages"}],"about":[{"href":"https:\/\/tunisia-dental-tourism.com\/index.php?rest_route=\/wp\/v2\/types\/page"}],"author":[{"embeddable":true,"href":"https:\/\/tunisia-dental-tourism.com\/index.php?rest_route=\/wp\/v2\/users\/1"}],"replies":[{"embeddable":true,"href":"https:\/\/tunisia-dental-tourism.com\/index.php?rest_route=%2Fwp%2Fv2%2Fcomments&post=24"}],"version-history":[{"count":2,"href":"https:\/\/tunisia-dental-tourism.com\/index.php?rest_route=\/wp\/v2\/pages\/24\/revisions"}],"predecessor-version":[{"id":104,"href":"https:\/\/tunisia-dental-tourism.com\/index.php?rest_route=\/wp\/v2\/pages\/24\/revisions\/104"}],"wp:attachment":[{"href":"https:\/\/tunisia-dental-tourism.com\/index.php?rest_route=%2Fwp%2Fv2%2Fmedia&parent=24"}],"curies":[{"name":"wp","href":"https:\/\/api.w.org\/{rel}","templated":true}]}}