{"id":115,"date":"2025-01-08T23:11:54","date_gmt":"2025-01-08T23:11:54","guid":{"rendered":"https:\/\/tunisia-dental-tourism.com\/?page_id=115"},"modified":"2025-01-09T08:56:03","modified_gmt":"2025-01-09T08:56:03","slug":"inlay-onlay","status":"publish","type":"page","link":"https:\/\/tunisia-dental-tourism.com\/?page_id=115","title":{"rendered":"inlay-onlay"},"content":{"rendered":"<div id=\"pl-115\"  class=\"panel-layout\" ><div id=\"pg-115-0\"  class=\"panel-grid panel-has-style\" ><div class=\"divider-no-animation tablet-default mobile-default desktop-default custom panel-row-style panel-row-style-for-115-0\" ><div id=\"pgc-115-0-0\"  class=\"panel-grid-cell panel-grid-cell-mobile-last\" ><div id=\"panel-115-0-0-0\" class=\"so-panel widget widget_text panel-first-child panel-last-child\" data-index=\"0\" ><div class=\"orion custom default panel-widget-style panel-widget-style-for-115-0-0-0\" >\t\t\t<div class=\"textwidget\"><div id=\"pgc-180-0-0\" class=\"panel-grid-cell\">\n<div id=\"panel-180-0-0-0\" class=\"so-panel widget widget_sow-editor panel-first-child panel-last-child\" data-index=\"0\">\n<div class=\"orion custom default panel-widget-style panel-widget-style-for-180-0-0-0\">\n<div class=\"so-widget-sow-editor so-widget-sow-editor-base\">\n<div class=\"siteorigin-widget-tinymce textwidget\">\n<p data-pm-slice=\"1 1 []\">Les\u00a0 inlay-onlay faits de c\u00e9ramique sont coll\u00e9s dans la dent afin de remplacer la partie d\u00e9truite par la carie ou en raison d&rsquo;un bris dans l&rsquo;\u00e9mail. Ils sont, pour qui se soucie de son sourire, la meilleure restauration en esth\u00e9tique proth\u00e8se.<\/p>\n<p>Aujourd&rsquo;hui, il est possible de fabriquer des incrustations et\/ou des surcroissances en r\u00e9sine composite (non m\u00e9tallique) pour tant\u00f4t reproduire exactement la teinte et la forme de vos dents; quelquefois les moindres d\u00e9tails.<\/p>\n<p>Du fait de leur tr\u00e8s grande qualit\u00e9, les Inlays et Onlays permettent par ailleurs une restauration tr\u00e8s importante de la dent \u00e0 long terme sans que ce point signifie qu&rsquo;elle doive \u00eatre devitalisee ou qu&rsquo;il vous faille par la suite une couronne pour l&rsquo;ensemble. Cette technique est beaucoup moins gourmande en tissus dentaires tout en offrant la qualit\u00e9 d&rsquo;une proth\u00e8se esth\u00e9tique.<\/p>\n<\/div>\n<\/div>\n<\/div>\n<\/div>\n<\/div>\n<\/div>\n\t\t<\/div><\/div><\/div><div id=\"pgc-115-0-1\"  class=\"panel-grid-cell panel-grid-cell-empty\" ><\/div><\/div><\/div><\/div>","protected":false},"excerpt":{"rendered":"<p>Les\u00a0 inlay-onlay faits de c\u00e9ramique sont coll\u00e9s dans la dent afin de remplacer la partie d\u00e9truite par la carie ou en raison d&rsquo;un bris dans l&rsquo;\u00e9mail. Ils sont, pour qui se soucie de son sourire, la meilleure restauration en esth\u00e9tique proth\u00e8se. Aujourd&rsquo;hui, il est possible de fabriquer des incrustations et\/ou des surcroissances en r\u00e9sine composite<\/p>\n","protected":false},"author":1,"featured_media":0,"parent":0,"menu_order":0,"comment_status":"closed","ping_status":"closed","template":"","meta":{"footnotes":""},"class_list":["post-115","page","type-page","status-publish","hentry"],"_links":{"self":[{"href":"https:\/\/tunisia-dental-tourism.com\/index.php?rest_route=\/wp\/v2\/pages\/115","targetHints":{"allow":["GET"]}}],"collection":[{"href":"https:\/\/tunisia-dental-tourism.com\/index.php?rest_route=\/wp\/v2\/pages"}],"about":[{"href":"https:\/\/tunisia-dental-tourism.com\/index.php?rest_route=\/wp\/v2\/types\/page"}],"author":[{"embeddable":true,"href":"https:\/\/tunisia-dental-tourism.com\/index.php?rest_route=\/wp\/v2\/users\/1"}],"replies":[{"embeddable":true,"href":"https:\/\/tunisia-dental-tourism.com\/index.php?rest_route=%2Fwp%2Fv2%2Fcomments&post=115"}],"version-history":[{"count":1,"href":"https:\/\/tunisia-dental-tourism.com\/index.php?rest_route=\/wp\/v2\/pages\/115\/revisions"}],"predecessor-version":[{"id":117,"href":"https:\/\/tunisia-dental-tourism.com\/index.php?rest_route=\/wp\/v2\/pages\/115\/revisions\/117"}],"wp:attachment":[{"href":"https:\/\/tunisia-dental-tourism.com\/index.php?rest_route=%2Fwp%2Fv2%2Fmedia&parent=115"}],"curies":[{"name":"wp","href":"https:\/\/api.w.org\/{rel}","templated":true}]}}