{"id":112,"date":"2025-01-08T23:10:54","date_gmt":"2025-01-08T23:10:54","guid":{"rendered":"https:\/\/tunisia-dental-tourism.com\/?page_id=112"},"modified":"2025-01-09T08:55:10","modified_gmt":"2025-01-09T08:55:10","slug":"comblement-osseux","status":"publish","type":"page","link":"https:\/\/tunisia-dental-tourism.com\/?page_id=112","title":{"rendered":"Comblement Osseux"},"content":{"rendered":"<div id=\"pl-112\"  class=\"panel-layout\" ><div id=\"pg-112-0\"  class=\"panel-grid panel-has-style\" ><div class=\"divider-no-animation tablet-default mobile-default desktop-default custom panel-row-style panel-row-style-for-112-0\" ><div id=\"pgc-112-0-0\"  class=\"panel-grid-cell panel-grid-cell-mobile-last\" ><div id=\"panel-112-0-0-0\" class=\"so-panel widget widget_text panel-first-child panel-last-child\" data-index=\"0\" ><div class=\"orion custom default panel-widget-style panel-widget-style-for-112-0-0-0\" >\t\t\t<div class=\"textwidget\"><div id=\"pgc-206-0-0\" class=\"panel-grid-cell panel-grid-cell-mobile-last\">\n<div id=\"panel-206-0-0-0\" class=\"so-panel widget widget_orion_heading_w panel-first-child\" data-index=\"0\">\n<div class=\"orion custom default panel-widget-style panel-widget-style-for-206-0-0-0\">\n<div class=\"so-widget-orion_heading_w so-widget-orion_heading_w-base\">\n<div class=\"row orion-heading\">\n<div class=\"col-md-12   text-left style-h4 style-primary-color\">\n<h4 class=\"primary-color\">Qu&rsquo;est-ce que le Comblement Osseux ?<\/h4>\n<\/div>\n<\/div>\n<\/div>\n<\/div>\n<\/div>\n<div id=\"panel-206-0-0-1\" class=\"so-panel widget widget_sow-editor\" data-index=\"1\">\n<div class=\"orion custom default panel-widget-style panel-widget-style-for-206-0-0-1\">\n<div class=\"so-widget-sow-editor so-widget-sow-editor-base\">\n<div class=\"siteorigin-widget-tinymce textwidget\">\n<p>Le comblement osseux est une proc\u00e9dure chirurgicale utilis\u00e9e pour r\u00e9g\u00e9n\u00e9rer ou restaurer le volume osseux dans la m\u00e2choire. Cette technique est souvent n\u00e9cessaire avant la pose d&rsquo;implants dentaires, notamment lorsque l&rsquo;os a subi une r\u00e9sorption due \u00e0 une perte de dents, des maladies parodontales ou des traumatismes.<\/p>\n<\/div>\n<\/div>\n<\/div>\n<\/div>\n<div id=\"panel-206-0-0-2\" class=\"so-panel widget widget_orion_heading_w\" data-index=\"2\">\n<div class=\"orion custom default panel-widget-style panel-widget-style-for-206-0-0-2\">\n<div class=\"so-widget-orion_heading_w so-widget-orion_heading_w-base\">\n<div class=\"row orion-heading\">\n<div class=\"col-md-12   text-left style-h4 style-primary-color\">\n<h4 class=\"primary-color\">Indications<\/h4>\n<\/div>\n<\/div>\n<\/div>\n<\/div>\n<\/div>\n<div id=\"panel-206-0-0-3\" class=\"so-panel widget widget_sow-editor\" data-index=\"3\">\n<div class=\"orion custom default panel-widget-style panel-widget-style-for-206-0-0-3\">\n<div class=\"so-widget-sow-editor so-widget-sow-editor-base\">\n<div class=\"siteorigin-widget-tinymce textwidget\">\n<p>Le comblement osseux est recommand\u00e9 dans plusieurs situations :<\/p>\n<ul>\n<li><strong>Pr\u00e9paration \u00e0 l\u2019implantologie<\/strong> : Lorsque l&rsquo;os de la m\u00e2choire est insuffisant pour soutenir un implant dentaire.<\/li>\n<li><strong>Perte osseuse<\/strong> : Due \u00e0 des infections, des maladies parodontales ou des traumatismes.<\/li>\n<li><strong>Correction de malformations<\/strong> : Pour r\u00e9tablir l&rsquo;architecture osseuse normale de la m\u00e2choire.<\/li>\n<\/ul>\n<\/div>\n<\/div>\n<\/div>\n<\/div>\n<div id=\"panel-206-0-0-4\" class=\"so-panel widget widget_orion_heading_w\" data-index=\"4\">\n<div class=\"orion custom default panel-widget-style panel-widget-style-for-206-0-0-4\">\n<div class=\"so-widget-orion_heading_w so-widget-orion_heading_w-base\">\n<div class=\"row orion-heading\">\n<div class=\"col-md-12   text-left style-h4 style-primary-color\">\n<h4 class=\"primary-color\">Mat\u00e9riaux Utilis\u00e9s<\/h4>\n<\/div>\n<\/div>\n<\/div>\n<\/div>\n<\/div>\n<div id=\"panel-206-0-0-5\" class=\"so-panel widget widget_sow-editor\" data-index=\"5\">\n<div class=\"orion custom default panel-widget-style panel-widget-style-for-206-0-0-5\">\n<div class=\"so-widget-sow-editor so-widget-sow-editor-base\">\n<div class=\"siteorigin-widget-tinymce textwidget\">\n<p>Plusieurs mat\u00e9riaux peuvent \u00eatre utilis\u00e9s pour le comblement osseux :<\/p>\n<ol>\n<li><strong>Greffes Osseuses Autologues<\/strong> : Os pr\u00e9lev\u00e9 sur le patient, g\u00e9n\u00e9ralement dans la mandibule ou le maxillaire, offrant la meilleure int\u00e9gration et biocompatibilit\u00e9.<\/li>\n<li><strong>Greffes Osseuses Allog\u00e8nes<\/strong> : Os provenant de donneurs humains, st\u00e9rilis\u00e9 et trait\u00e9 pour \u00e9viter le rejet.<\/li>\n<li><strong>Mat\u00e9riaux Synth\u00e9tiques<\/strong> : Biomat\u00e9riaux con\u00e7us pour favoriser la r\u00e9g\u00e9n\u00e9ration osseuse, comme le hydroxyapatite ou le phosphate de calcium.<\/li>\n<li><strong>Greffes Xenog\u00e8nes<\/strong> : Os provenant d&rsquo;animaux, souvent bovins, utilis\u00e9s pour leur biocompatibilit\u00e9.<\/li>\n<\/ol>\n<\/div>\n<\/div>\n<\/div>\n<\/div>\n<div id=\"panel-206-0-0-6\" class=\"so-panel widget widget_orion_heading_w\" data-index=\"6\">\n<div class=\"orion custom default panel-widget-style panel-widget-style-for-206-0-0-6\">\n<div class=\"so-widget-orion_heading_w so-widget-orion_heading_w-base\">\n<div class=\"row orion-heading\">\n<div class=\"col-md-12   text-left style-h4 style-primary-color\">\n<h4 class=\"primary-color\">Proc\u00e9dure de Comblement Osseux<\/h4>\n<\/div>\n<\/div>\n<\/div>\n<\/div>\n<\/div>\n<div id=\"panel-206-0-0-7\" class=\"so-panel widget widget_sow-editor\" data-index=\"7\">\n<div class=\"orion custom default panel-widget-style panel-widget-style-for-206-0-0-7\">\n<div class=\"so-widget-sow-editor so-widget-sow-editor-base\">\n<div class=\"siteorigin-widget-tinymce textwidget\">\n<ol>\n<li><strong>Consultation Initiale<\/strong> : \u00c9valuation de l&rsquo;\u00e9tat bucco-dentaire et des radiographies pour d\u00e9terminer la n\u00e9cessit\u00e9 d&rsquo;un comblement osseux.<\/li>\n<li><strong>Pr\u00e9paration<\/strong> : Anesth\u00e9sie locale ou g\u00e9n\u00e9rale selon la complexit\u00e9 de la proc\u00e9dure.<\/li>\n<li><strong>Chirurgie<\/strong> : Une incision est pratiqu\u00e9e dans la gencive pour acc\u00e9der \u00e0 l&rsquo;os. Le mat\u00e9riau de comblement est ensuite plac\u00e9 dans la zone d\u00e9ficiente.<\/li>\n<li><strong>Fermeture<\/strong> : La gencive est sutur\u00e9e pour favoriser la gu\u00e9rison.<\/li>\n<\/ol>\n<\/div>\n<\/div>\n<\/div>\n<\/div>\n<div id=\"panel-206-0-0-8\" class=\"so-panel widget widget_orion_heading_w\" data-index=\"8\">\n<div class=\"orion custom default panel-widget-style panel-widget-style-for-206-0-0-8\">\n<div class=\"so-widget-orion_heading_w so-widget-orion_heading_w-base\">\n<div class=\"row orion-heading\">\n<div class=\"col-md-12   text-left style-h4 style-primary-color\">\n<h4 class=\"primary-color\">Conclusion<\/h4>\n<\/div>\n<\/div>\n<\/div>\n<\/div>\n<\/div>\n<div id=\"panel-206-0-0-9\" class=\"so-panel widget widget_sow-editor panel-last-child\" data-index=\"9\">\n<div class=\"orion custom default panel-widget-style panel-widget-style-for-206-0-0-9\">\n<div class=\"so-widget-sow-editor so-widget-sow-editor-base\">\n<div class=\"siteorigin-widget-tinymce textwidget\">\n<p>Le comblement osseux est une proc\u00e9dure essentielle pour pr\u00e9parer la m\u00e2choire \u00e0 la pose d&rsquo;implants dentaires et am\u00e9liorer la sant\u00e9 bucco-dentaire globale. Avec une planification soign\u00e9e et un suivi ad\u00e9quat, cette intervention peut aboutir \u00e0 des r\u00e9sultats durables et fonctionnels.<\/p>\n<\/div>\n<\/div>\n<\/div>\n<\/div>\n<\/div>\n<\/div>\n\t\t<\/div><\/div><\/div><div id=\"pgc-112-0-1\"  class=\"panel-grid-cell panel-grid-cell-empty\" ><\/div><\/div><\/div><\/div>","protected":false},"excerpt":{"rendered":"<p>Qu&rsquo;est-ce que le Comblement Osseux ? Le comblement osseux est une proc\u00e9dure chirurgicale utilis\u00e9e pour r\u00e9g\u00e9n\u00e9rer ou restaurer le volume osseux dans la m\u00e2choire. Cette technique est souvent n\u00e9cessaire avant la pose d&rsquo;implants dentaires, notamment lorsque l&rsquo;os a subi une r\u00e9sorption due \u00e0 une perte de dents, des maladies parodontales ou des traumatismes. Indications Le<\/p>\n","protected":false},"author":1,"featured_media":0,"parent":0,"menu_order":0,"comment_status":"closed","ping_status":"closed","template":"","meta":{"footnotes":""},"class_list":["post-112","page","type-page","status-publish","hentry"],"_links":{"self":[{"href":"https:\/\/tunisia-dental-tourism.com\/index.php?rest_route=\/wp\/v2\/pages\/112","targetHints":{"allow":["GET"]}}],"collection":[{"href":"https:\/\/tunisia-dental-tourism.com\/index.php?rest_route=\/wp\/v2\/pages"}],"about":[{"href":"https:\/\/tunisia-dental-tourism.com\/index.php?rest_route=\/wp\/v2\/types\/page"}],"author":[{"embeddable":true,"href":"https:\/\/tunisia-dental-tourism.com\/index.php?rest_route=\/wp\/v2\/users\/1"}],"replies":[{"embeddable":true,"href":"https:\/\/tunisia-dental-tourism.com\/index.php?rest_route=%2Fwp%2Fv2%2Fcomments&post=112"}],"version-history":[{"count":1,"href":"https:\/\/tunisia-dental-tourism.com\/index.php?rest_route=\/wp\/v2\/pages\/112\/revisions"}],"predecessor-version":[{"id":114,"href":"https:\/\/tunisia-dental-tourism.com\/index.php?rest_route=\/wp\/v2\/pages\/112\/revisions\/114"}],"wp:attachment":[{"href":"https:\/\/tunisia-dental-tourism.com\/index.php?rest_route=%2Fwp%2Fv2%2Fmedia&parent=112"}],"curies":[{"name":"wp","href":"https:\/\/api.w.org\/{rel}","templated":true}]}}