{"id":109,"date":"2025-01-08T23:09:54","date_gmt":"2025-01-08T23:09:54","guid":{"rendered":"https:\/\/tunisia-dental-tourism.com\/?page_id=109"},"modified":"2025-01-09T08:54:56","modified_gmt":"2025-01-09T08:54:56","slug":"all-on-4-al-on-6","status":"publish","type":"page","link":"https:\/\/tunisia-dental-tourism.com\/?page_id=109","title":{"rendered":"All-on 4, Al-on 6"},"content":{"rendered":"<div id=\"pl-109\"  class=\"panel-layout\" ><div id=\"pg-109-0\"  class=\"panel-grid panel-has-style\" ><div class=\"divider-no-animation tablet-default mobile-default desktop-default custom panel-row-style panel-row-style-for-109-0\" ><div id=\"pgc-109-0-0\"  class=\"panel-grid-cell panel-grid-cell-mobile-last\" ><div id=\"panel-109-0-0-0\" class=\"so-panel widget widget_text panel-first-child panel-last-child\" data-index=\"0\" ><div class=\"orion custom default panel-widget-style panel-widget-style-for-109-0-0-0\" >\t\t\t<div class=\"textwidget\"><div id=\"pgc-211-0-0\" class=\"panel-grid-cell panel-grid-cell-mobile-last\">\n<div id=\"panel-211-0-0-0\" class=\"so-panel widget widget_orion_heading_w panel-first-child\" data-index=\"0\">\n<div class=\"orion custom default panel-widget-style panel-widget-style-for-211-0-0-0\">\n<div class=\"so-widget-orion_heading_w so-widget-orion_heading_w-base\">\n<div class=\"row orion-heading\">\n<div class=\"col-md-12   text-left style-h4 style-primary-color\">\n<h4 class=\"primary-color\">Qu&rsquo;est-ce que l&rsquo;All-on-4 ?<\/h4>\n<\/div>\n<\/div>\n<\/div>\n<\/div>\n<\/div>\n<div id=\"panel-211-0-0-1\" class=\"so-panel widget widget_sow-editor\" data-index=\"1\">\n<div class=\"orion custom default panel-widget-style panel-widget-style-for-211-0-0-1\">\n<div class=\"so-widget-sow-editor so-widget-sow-editor-base\">\n<div class=\"siteorigin-widget-tinymce textwidget\">\n<p>L&rsquo;All-on-4 est une technique d&rsquo;implantation dentaire qui permet de remplacer une arcades compl\u00e8te de dents \u00e0 l&rsquo;aide de seulement quatre implants dentaires. Cette m\u00e9thode est souvent utilis\u00e9e chez les patients ayant perdu toutes leurs dents ou ceux qui n\u00e9cessitent une extraction de plusieurs dents.<\/p>\n<\/div>\n<\/div>\n<\/div>\n<\/div>\n<div id=\"panel-211-0-0-2\" class=\"so-panel widget widget_orion_heading_w\" data-index=\"2\">\n<div class=\"orion custom default panel-widget-style panel-widget-style-for-211-0-0-2\">\n<div class=\"so-widget-orion_heading_w so-widget-orion_heading_w-base\">\n<div class=\"row orion-heading\">\n<div class=\"col-md-12   text-left style-h4 style-primary-color\">\n<h4 class=\"primary-color\">Caract\u00e9ristiques de l&rsquo;All-on-4<\/h4>\n<\/div>\n<\/div>\n<\/div>\n<\/div>\n<\/div>\n<div id=\"panel-211-0-0-3\" class=\"so-panel widget widget_sow-editor\" data-index=\"3\">\n<div class=\"orion custom default panel-widget-style panel-widget-style-for-211-0-0-3\">\n<div class=\"so-widget-sow-editor so-widget-sow-editor-base\">\n<div class=\"siteorigin-widget-tinymce textwidget\">\n<ol>\n<li><strong>Implantation Efficace<\/strong> : Quatre implants sont plac\u00e9s strat\u00e9giquement dans la m\u00e2choire pour maximiser le soutien et la stabilit\u00e9, souvent en utilisant les zones d&rsquo;os les plus denses.<\/li>\n<li><strong>Proth\u00e8se Fixe<\/strong> : Une proth\u00e8se dentaire fixe est r\u00e9alis\u00e9e sur ces implants, permettant aux patients de retrouver rapidement une fonction masticatoire et un sourire esth\u00e9tique.<\/li>\n<li><strong>R\u00e9duction du Temps de Traitement<\/strong> : La m\u00e9thode All-on-4 permet souvent d&rsquo;installer une proth\u00e8se temporaire le jour de la chirurgie, offrant ainsi une solution rapide pour les patients.<\/li>\n<li><strong>Co\u00fbt Abordable<\/strong> : Compar\u00e9e aux solutions traditionnelles de remplacement de dents, cette technique est souvent moins co\u00fbteuse car elle n\u00e9cessite moins d&rsquo;implants et de proc\u00e9dures chirurgicales.<\/li>\n<\/ol>\n<\/div>\n<\/div>\n<\/div>\n<\/div>\n<div id=\"panel-211-0-0-4\" class=\"so-panel widget widget_orion_heading_w\" data-index=\"4\">\n<div class=\"orion custom default panel-widget-style panel-widget-style-for-211-0-0-4\">\n<div class=\"so-widget-orion_heading_w so-widget-orion_heading_w-base\">\n<div class=\"row orion-heading\">\n<div class=\"col-md-12   text-left style-h4 style-primary-color\">\n<h4 class=\"primary-color\">Avantages de l&rsquo;All-on-4<\/h4>\n<\/div>\n<\/div>\n<\/div>\n<\/div>\n<\/div>\n<div id=\"panel-211-0-0-5\" class=\"so-panel widget widget_sow-editor\" data-index=\"5\">\n<div class=\"orion custom default panel-widget-style panel-widget-style-for-211-0-0-5\">\n<div class=\"so-widget-sow-editor so-widget-sow-editor-base\">\n<div class=\"siteorigin-widget-tinymce textwidget\">\n<ul>\n<li><strong>Durabilit\u00e9<\/strong> : Les implants offrent une base solide et durable pour la proth\u00e8se.<\/li>\n<li><strong>Confort<\/strong> : \u00c9limine le besoin de proth\u00e8ses amovibles, offrant une meilleure sensation lors de la mastication.<\/li>\n<li><strong>Pr\u00e9servation osseuse<\/strong> : Stimule l&rsquo;os de la m\u00e2choire, limitant la r\u00e9sorption osseuse.<\/li>\n<\/ul>\n<\/div>\n<\/div>\n<\/div>\n<\/div>\n<div id=\"panel-211-0-0-6\" class=\"so-panel widget widget_orion_heading_w\" data-index=\"6\">\n<div class=\"orion custom default panel-widget-style panel-widget-style-for-211-0-0-6\">\n<div class=\"so-widget-orion_heading_w so-widget-orion_heading_w-base\">\n<div class=\"row orion-heading\">\n<div class=\"col-md-12   text-left style-h4 style-primary-color\">\n<h4 class=\"primary-color\">Qu&rsquo;est-ce que l&rsquo;All-on-6 ?<\/h4>\n<\/div>\n<\/div>\n<\/div>\n<\/div>\n<\/div>\n<div id=\"panel-211-0-0-7\" class=\"so-panel widget widget_sow-editor\" data-index=\"7\">\n<div class=\"orion custom default panel-widget-style panel-widget-style-for-211-0-0-7\">\n<div class=\"so-widget-sow-editor so-widget-sow-editor-base\">\n<div class=\"siteorigin-widget-tinymce textwidget\">\n<p>L&rsquo;All-on-6 est une technique similaire \u00e0 l&rsquo;All-on-4, mais elle utilise six implants dentaires pour soutenir une proth\u00e8se fixe sur une arcade compl\u00e8te de dents. Cette m\u00e9thode peut \u00eatre recommand\u00e9e pour les patients qui ont une densit\u00e9 osseuse suffisante ou pour ceux qui recherchent une stabilit\u00e9 suppl\u00e9mentaire.<\/p>\n<\/div>\n<\/div>\n<\/div>\n<\/div>\n<div id=\"panel-211-0-0-8\" class=\"so-panel widget widget_orion_heading_w\" data-index=\"8\">\n<div class=\"orion custom default panel-widget-style panel-widget-style-for-211-0-0-8\">\n<div class=\"so-widget-orion_heading_w so-widget-orion_heading_w-base\">\n<div class=\"row orion-heading\">\n<div class=\"col-md-12   text-left style-h4 style-primary-color\">\n<h4 class=\"primary-color\">Caract\u00e9ristiques de l&rsquo;All-on-6<\/h4>\n<\/div>\n<\/div>\n<\/div>\n<\/div>\n<\/div>\n<div id=\"panel-211-0-0-9\" class=\"so-panel widget widget_sow-editor\" data-index=\"9\">\n<div class=\"orion custom default panel-widget-style panel-widget-style-for-211-0-0-9\">\n<div class=\"so-widget-sow-editor so-widget-sow-editor-base\">\n<div class=\"siteorigin-widget-tinymce textwidget\">\n<ol>\n<li><strong>Implantation Robuste<\/strong> : Six implants sont plac\u00e9s pour offrir une meilleure distribution des forces et un soutien accru pour la proth\u00e8se.<\/li>\n<li><strong>Proth\u00e8se Fixe<\/strong> : Comme avec l&rsquo;All-on-4, une proth\u00e8se fixe est r\u00e9alis\u00e9e, am\u00e9liorant la fonction masticatoire et l&rsquo;esth\u00e9tique.<\/li>\n<li><strong>Adaptabilit\u00e9<\/strong> : L&rsquo;All-on-6 est souvent choisi pour les patients qui souhaitent une option plus stable, en particulier ceux ayant des probl\u00e8mes d&rsquo;os ou de dents adjacentes.<\/li>\n<\/ol>\n<\/div>\n<\/div>\n<\/div>\n<\/div>\n<div id=\"panel-211-0-0-10\" class=\"so-panel widget widget_orion_heading_w\" data-index=\"10\">\n<div class=\"orion custom default panel-widget-style panel-widget-style-for-211-0-0-10\">\n<div class=\"so-widget-orion_heading_w so-widget-orion_heading_w-base\">\n<div class=\"row orion-heading\">\n<div class=\"col-md-12   text-left style-h4 style-primary-color\">\n<h4 class=\"primary-color\">Avantages de l&rsquo;All-on-6<\/h4>\n<\/div>\n<\/div>\n<\/div>\n<\/div>\n<\/div>\n<div id=\"panel-211-0-0-11\" class=\"so-panel widget widget_sow-editor panel-last-child\" data-index=\"11\">\n<div class=\"orion custom default panel-widget-style panel-widget-style-for-211-0-0-11\">\n<div class=\"so-widget-sow-editor so-widget-sow-editor-base\">\n<div class=\"siteorigin-widget-tinymce textwidget\">\n<ul>\n<li><strong>Stabilit\u00e9 Suppl\u00e9mentaire<\/strong> : La pr\u00e9sence de deux implants suppl\u00e9mentaires offre une meilleure r\u00e9sistance et un soutien accru pour la proth\u00e8se.<\/li>\n<li><strong>Pr\u00e9vention des Mouvements<\/strong> : R\u00e9duit le risque de d\u00e9placement de la proth\u00e8se, offrant plus de confort lors de l&rsquo;utilisation.<\/li>\n<li><strong>Flexibilit\u00e9 de Traitement<\/strong> : Peut \u00eatre adapt\u00e9 aux besoins sp\u00e9cifiques du patient, en tenant compte de l&rsquo;\u00e9tat de l&rsquo;os et de la sant\u00e9 bucco-dentaire.<\/li>\n<\/ul>\n<\/div>\n<\/div>\n<\/div>\n<\/div>\n<\/div>\n<\/div>\n\t\t<\/div><\/div><\/div><div id=\"pgc-109-0-1\"  class=\"panel-grid-cell panel-grid-cell-empty\" ><\/div><\/div><\/div><\/div>","protected":false},"excerpt":{"rendered":"<p>Qu&rsquo;est-ce que l&rsquo;All-on-4 ? L&rsquo;All-on-4 est une technique d&rsquo;implantation dentaire qui permet de remplacer une arcades compl\u00e8te de dents \u00e0 l&rsquo;aide de seulement quatre implants dentaires. Cette m\u00e9thode est souvent utilis\u00e9e chez les patients ayant perdu toutes leurs dents ou ceux qui n\u00e9cessitent une extraction de plusieurs dents. Caract\u00e9ristiques de l&rsquo;All-on-4 Implantation Efficace : Quatre<\/p>\n","protected":false},"author":1,"featured_media":0,"parent":0,"menu_order":0,"comment_status":"closed","ping_status":"closed","template":"","meta":{"footnotes":""},"class_list":["post-109","page","type-page","status-publish","hentry"],"_links":{"self":[{"href":"https:\/\/tunisia-dental-tourism.com\/index.php?rest_route=\/wp\/v2\/pages\/109","targetHints":{"allow":["GET"]}}],"collection":[{"href":"https:\/\/tunisia-dental-tourism.com\/index.php?rest_route=\/wp\/v2\/pages"}],"about":[{"href":"https:\/\/tunisia-dental-tourism.com\/index.php?rest_route=\/wp\/v2\/types\/page"}],"author":[{"embeddable":true,"href":"https:\/\/tunisia-dental-tourism.com\/index.php?rest_route=\/wp\/v2\/users\/1"}],"replies":[{"embeddable":true,"href":"https:\/\/tunisia-dental-tourism.com\/index.php?rest_route=%2Fwp%2Fv2%2Fcomments&post=109"}],"version-history":[{"count":1,"href":"https:\/\/tunisia-dental-tourism.com\/index.php?rest_route=\/wp\/v2\/pages\/109\/revisions"}],"predecessor-version":[{"id":111,"href":"https:\/\/tunisia-dental-tourism.com\/index.php?rest_route=\/wp\/v2\/pages\/109\/revisions\/111"}],"wp:attachment":[{"href":"https:\/\/tunisia-dental-tourism.com\/index.php?rest_route=%2Fwp%2Fv2%2Fmedia&parent=109"}],"curies":[{"name":"wp","href":"https:\/\/api.w.org\/{rel}","templated":true}]}}