{"id":106,"date":"2025-01-08T23:08:16","date_gmt":"2025-01-08T23:08:16","guid":{"rendered":"https:\/\/tunisia-dental-tourism.com\/?page_id=106"},"modified":"2025-01-09T08:54:40","modified_gmt":"2025-01-09T08:54:40","slug":"bridge-dentaire","status":"publish","type":"page","link":"https:\/\/tunisia-dental-tourism.com\/?page_id=106","title":{"rendered":"Bridge dentaire"},"content":{"rendered":"<div id=\"pl-106\"  class=\"panel-layout\" ><div id=\"pg-106-0\"  class=\"panel-grid panel-has-style\" ><div class=\"divider-no-animation tablet-default mobile-default desktop-default custom panel-row-style panel-row-style-for-106-0\" ><div id=\"pgc-106-0-0\"  class=\"panel-grid-cell panel-grid-cell-mobile-last\" ><div id=\"panel-106-0-0-0\" class=\"so-panel widget widget_text panel-first-child panel-last-child\" data-index=\"0\" ><div class=\"orion custom default panel-widget-style panel-widget-style-for-106-0-0-0\" >\t\t\t<div class=\"textwidget\"><div id=\"pgc-199-0-0\" class=\"panel-grid-cell panel-grid-cell-mobile-last\">\n<div id=\"panel-199-0-0-0\" class=\"so-panel widget widget_orion_heading_w panel-first-child\" data-index=\"0\">\n<div class=\"orion custom default panel-widget-style panel-widget-style-for-199-0-0-0\">\n<div class=\"so-widget-orion_heading_w so-widget-orion_heading_w-base\">\n<div class=\"row orion-heading\">\n<div class=\"col-md-12   text-left style-h4 style-primary-color\">\n<h4 class=\"primary-color\">Qu&rsquo;est-ce qu&rsquo;un Bridge Dentaire ?<\/h4>\n<\/div>\n<\/div>\n<\/div>\n<\/div>\n<\/div>\n<div id=\"panel-199-0-0-1\" class=\"so-panel widget widget_sow-editor\" data-index=\"1\">\n<div class=\"orion custom default panel-widget-style panel-widget-style-for-199-0-0-1\">\n<div class=\"so-widget-sow-editor so-widget-sow-editor-base\">\n<div class=\"siteorigin-widget-tinymce textwidget\">\n<p>Un bridge dentaire est une proth\u00e8se fixe utilis\u00e9e pour remplacer une ou plusieurs dents manquantes. Il est ancr\u00e9 aux dents adjacentes (appel\u00e9es dents piliers) et comble l&rsquo;espace laiss\u00e9 par les dents absentes. Le bridge permet de restaurer la fonction masticatoire, d&rsquo;am\u00e9liorer l&rsquo;esth\u00e9tique du sourire et de maintenir l&rsquo;alignement des dents.<\/p>\n<\/div>\n<\/div>\n<\/div>\n<\/div>\n<div id=\"panel-199-0-0-2\" class=\"so-panel widget widget_orion_heading_w\" data-index=\"2\">\n<div class=\"orion custom default panel-widget-style panel-widget-style-for-199-0-0-2\">\n<div class=\"so-widget-orion_heading_w so-widget-orion_heading_w-base\">\n<div class=\"row orion-heading\">\n<div class=\"col-md-12   text-left style-h4 style-primary-color\">\n<h4 class=\"primary-color\">Types de Bridges Dentaires<\/h4>\n<\/div>\n<\/div>\n<\/div>\n<\/div>\n<\/div>\n<div id=\"panel-199-0-0-3\" class=\"so-panel widget widget_sow-editor\" data-index=\"3\">\n<div class=\"orion custom default panel-widget-style panel-widget-style-for-199-0-0-3\">\n<div class=\"so-widget-sow-editor so-widget-sow-editor-base\">\n<div class=\"siteorigin-widget-tinymce textwidget\">\n<ul>\n<li><strong>Bridge Traditionnel<\/strong> : Compos\u00e9 de couronnes fix\u00e9es sur les dents piliers avec un ou plusieurs faux dents (ponts) au milieu. C&rsquo;est le type le plus courant.<\/li>\n<li><strong>Bridge Cantilever<\/strong> : Utilis\u00e9 lorsque seules les dents d&rsquo;un c\u00f4t\u00e9 de l&rsquo;espace manquant sont disponibles pour soutenir le bridge.<\/li>\n<li><strong>Bridge Maryland (ou Bridge adh\u00e9sif)<\/strong> : Se fixe aux dents adjacentes gr\u00e2ce \u00e0 des ailettes m\u00e9talliques, ce qui le rend moins invasif car il n\u00e9cessite moins de pr\u00e9paration des dents piliers.<\/li>\n<li><strong>Bridge Implant\u00e9<\/strong> : Fix\u00e9 \u00e0 un ou plusieurs implants dentaires, sans d\u00e9pendre des dents adjacentes. Id\u00e9al pour les patients ayant des dents piliers affaiblies.<\/li>\n<\/ul>\n<\/div>\n<\/div>\n<\/div>\n<\/div>\n<div id=\"panel-199-0-0-4\" class=\"so-panel widget widget_orion_heading_w\" data-index=\"4\">\n<div class=\"orion custom default panel-widget-style panel-widget-style-for-199-0-0-4\">\n<div class=\"so-widget-orion_heading_w so-widget-orion_heading_w-base\">\n<div class=\"row orion-heading\">\n<div class=\"col-md-12   text-left style-h4 style-primary-color\">\n<h4 class=\"primary-color\">Indications<\/h4>\n<\/div>\n<\/div>\n<\/div>\n<\/div>\n<\/div>\n<div id=\"panel-199-0-0-5\" class=\"so-panel widget widget_sow-editor\" data-index=\"5\">\n<div class=\"orion custom default panel-widget-style panel-widget-style-for-199-0-0-5\">\n<div class=\"so-widget-sow-editor so-widget-sow-editor-base\">\n<div class=\"siteorigin-widget-tinymce textwidget\">\n<p>Les bridges dentaires sont recommand\u00e9s dans plusieurs situations :<\/p>\n<ul>\n<li><strong>Dents Manquantes<\/strong> : Pour combler le vide laiss\u00e9 par une ou plusieurs dents absentes.<\/li>\n<li><strong>Pr\u00e9servation de la Structure Dentaire<\/strong> : Pour \u00e9viter que les dents adjacentes ne se d\u00e9placent ou ne basculent.<\/li>\n<li><strong>Restauration de la Fonction Masticatoire<\/strong> : Pour permettre une mastication efficace et un meilleur confort.<\/li>\n<li><strong>Am\u00e9lioration de l&rsquo;Esth\u00e9tique<\/strong> : Pour restaurer l&rsquo;harmonie du sourire.<\/li>\n<\/ul>\n<\/div>\n<\/div>\n<\/div>\n<\/div>\n<div id=\"panel-199-0-0-6\" class=\"so-panel widget widget_orion_heading_w\" data-index=\"6\">\n<div class=\"orion custom default panel-widget-style panel-widget-style-for-199-0-0-6\">\n<div class=\"so-widget-orion_heading_w so-widget-orion_heading_w-base\">\n<div class=\"row orion-heading\">\n<div class=\"col-md-12   text-left style-h4 style-primary-color\">\n<h4 class=\"primary-color\">Proc\u00e9dure de Pose d&rsquo;un Bridge Dentaire<\/h4>\n<\/div>\n<\/div>\n<\/div>\n<\/div>\n<\/div>\n<div id=\"panel-199-0-0-7\" class=\"so-panel widget widget_sow-editor\" data-index=\"7\">\n<div class=\"orion custom default panel-widget-style panel-widget-style-for-199-0-0-7\">\n<div class=\"so-widget-sow-editor so-widget-sow-editor-base\">\n<div class=\"siteorigin-widget-tinymce textwidget\">\n<ol>\n<li><strong>Consultation Initiale<\/strong> : \u00c9valuation de la sant\u00e9 bucco-dentaire, des radiographies et d\u00e9termination du type de bridge appropri\u00e9.<\/li>\n<li><strong>Pr\u00e9paration des Dents Piliers<\/strong> : Les dents adjacentes sont l\u00e9g\u00e8rement taill\u00e9es pour accueillir les couronnes.<\/li>\n<li><strong>Empreintes<\/strong> : Des empreintes sont prises pour fabriquer le bridge sur mesure.<\/li>\n<li><strong>Couronne Temporaire<\/strong> : Un bridge temporaire peut \u00eatre pos\u00e9 pendant la fabrication du bridge permanent.<\/li>\n<li><strong>Pose du Bridge<\/strong> : Une fois fabriqu\u00e9, le bridge est fix\u00e9 aux dents piliers avec un ciment dentaire.<\/li>\n<\/ol>\n<\/div>\n<\/div>\n<\/div>\n<\/div>\n<div id=\"panel-199-0-0-8\" class=\"so-panel widget widget_orion_heading_w\" data-index=\"8\">\n<div class=\"orion custom default panel-widget-style panel-widget-style-for-199-0-0-8\">\n<div class=\"so-widget-orion_heading_w so-widget-orion_heading_w-base\">\n<div class=\"row orion-heading\">\n<div class=\"col-md-12   text-left style-h4 style-primary-color\">\n<h4 class=\"primary-color\">Conclusion<\/h4>\n<\/div>\n<\/div>\n<\/div>\n<\/div>\n<\/div>\n<div id=\"panel-199-0-0-9\" class=\"so-panel widget widget_sow-editor panel-last-child\" data-index=\"9\">\n<div class=\"orion custom default panel-widget-style panel-widget-style-for-199-0-0-9\">\n<div class=\"so-widget-sow-editor so-widget-sow-editor-base\">\n<div class=\"siteorigin-widget-tinymce textwidget\">\n<p>Un bridge dentaire est une solution efficace pour remplacer des dents manquantes, restaurer la fonction masticatoire et am\u00e9liorer l&rsquo;esth\u00e9tique du sourire. Avec un bon entretien et un suivi r\u00e9gulier, un bridge peut durer de nombreuses ann\u00e9es.<\/p>\n<\/div>\n<\/div>\n<\/div>\n<\/div>\n<\/div>\n<\/div>\n\t\t<\/div><\/div><\/div><div id=\"pgc-106-0-1\"  class=\"panel-grid-cell panel-grid-cell-empty\" ><\/div><\/div><\/div><\/div>","protected":false},"excerpt":{"rendered":"<p>Qu&rsquo;est-ce qu&rsquo;un Bridge Dentaire ? Un bridge dentaire est une proth\u00e8se fixe utilis\u00e9e pour remplacer une ou plusieurs dents manquantes. Il est ancr\u00e9 aux dents adjacentes (appel\u00e9es dents piliers) et comble l&rsquo;espace laiss\u00e9 par les dents absentes. Le bridge permet de restaurer la fonction masticatoire, d&rsquo;am\u00e9liorer l&rsquo;esth\u00e9tique du sourire et de maintenir l&rsquo;alignement des dents.<\/p>\n","protected":false},"author":1,"featured_media":0,"parent":0,"menu_order":0,"comment_status":"closed","ping_status":"closed","template":"","meta":{"footnotes":""},"class_list":["post-106","page","type-page","status-publish","hentry"],"_links":{"self":[{"href":"https:\/\/tunisia-dental-tourism.com\/index.php?rest_route=\/wp\/v2\/pages\/106","targetHints":{"allow":["GET"]}}],"collection":[{"href":"https:\/\/tunisia-dental-tourism.com\/index.php?rest_route=\/wp\/v2\/pages"}],"about":[{"href":"https:\/\/tunisia-dental-tourism.com\/index.php?rest_route=\/wp\/v2\/types\/page"}],"author":[{"embeddable":true,"href":"https:\/\/tunisia-dental-tourism.com\/index.php?rest_route=\/wp\/v2\/users\/1"}],"replies":[{"embeddable":true,"href":"https:\/\/tunisia-dental-tourism.com\/index.php?rest_route=%2Fwp%2Fv2%2Fcomments&post=106"}],"version-history":[{"count":1,"href":"https:\/\/tunisia-dental-tourism.com\/index.php?rest_route=\/wp\/v2\/pages\/106\/revisions"}],"predecessor-version":[{"id":108,"href":"https:\/\/tunisia-dental-tourism.com\/index.php?rest_route=\/wp\/v2\/pages\/106\/revisions\/108"}],"wp:attachment":[{"href":"https:\/\/tunisia-dental-tourism.com\/index.php?rest_route=%2Fwp%2Fv2%2Fmedia&parent=106"}],"curies":[{"name":"wp","href":"https:\/\/api.w.org\/{rel}","templated":true}]}}